{"id":765,"date":"2019-05-19T10:54:14","date_gmt":"2019-05-19T10:54:14","guid":{"rendered":"http:\/\/www.laurent-lenfant.com\/photographie\/?page_id=765"},"modified":"2019-05-19T10:55:28","modified_gmt":"2019-05-19T10:55:28","slug":"nouveaux-horizons","status":"publish","type":"page","link":"https:\/\/www.laurent-lenfant.com\/photographie\/nouveaux-horizons\/","title":{"rendered":"Nouveaux Horizons"},"content":{"rendered":"\t\t<div data-elementor-type=\"wp-post\" data-elementor-id=\"765\" class=\"elementor elementor-765\">\n\t\t\t\t\t\t<section class=\"elementor-section elementor-top-section elementor-element elementor-element-1471f8b elementor-section-boxed elementor-section-height-default elementor-section-height-default\" data-id=\"1471f8b\" data-element_type=\"section\" data-e-type=\"section\">\n\t\t\t\t\t\t<div class=\"elementor-container elementor-column-gap-default\">\n\t\t\t\t\t<div class=\"elementor-column elementor-col-100 elementor-top-column elementor-element elementor-element-7fd52c2\" data-id=\"7fd52c2\" data-element_type=\"column\" data-e-type=\"column\">\n\t\t\t<div class=\"elementor-widget-wrap elementor-element-populated\">\n\t\t\t\t\t\t<div class=\"elementor-element elementor-element-d5cd339 elementor-widget elementor-widget-heading\" data-id=\"d5cd339\" data-element_type=\"widget\" data-e-type=\"widget\" data-widget_type=\"heading.default\">\n\t\t\t\t<div class=\"elementor-widget-container\">\n\t\t\t\t\t<h2 class=\"elementor-heading-title elementor-size-default\">Acte I - M\u00e9tamorphose<\/h2>\t\t\t\t<\/div>\n\t\t\t\t<\/div>\n\t\t\t\t<div class=\"elementor-element elementor-element-adfece5 elementor-widget elementor-widget-image-gallery\" data-id=\"adfece5\" data-element_type=\"widget\" data-e-type=\"widget\" data-widget_type=\"image-gallery.default\">\n\t\t\t\t<div class=\"elementor-widget-container\">\n\t\t\t\t\t\t\t<div class=\"elementor-image-gallery\">\n\t\t\t<div id='gallery-1' class='gallery galleryid-765 gallery-columns-4 gallery-size-thumbnail'><dl class='gallery-item'>\n\t\t\t<dt class='gallery-icon landscape'>\n\t\t\t\t<a data-elementor-open-lightbox=\"yes\" data-elementor-lightbox-slideshow=\"adfece5\" data-elementor-lightbox-title=\"2-NouveauxHorizon-9391\" data-e-action-hash=\"#elementor-action%3Aaction%3Dlightbox%26settings%3DeyJpZCI6NzMxLCJ1cmwiOiJodHRwczpcL1wvd3d3LmxhdXJlbnQtbGVuZmFudC5jb21cL3Bob3RvZ3JhcGhpZVwvd3AtY29udGVudFwvdXBsb2Fkc1wvMjAxOVwvMDVcLzItTm91dmVhdXhIb3Jpem9uLTkzOTEuanBnIiwic2xpZGVzaG93IjoiYWRmZWNlNSJ9\" href='https:\/\/www.laurent-lenfant.com\/photographie\/wp-content\/uploads\/2019\/05\/2-NouveauxHorizon-9391.jpg'><img decoding=\"async\" width=\"150\" height=\"150\" src=\"https:\/\/www.laurent-lenfant.com\/photographie\/wp-content\/uploads\/2019\/05\/2-NouveauxHorizon-9391-150x150.jpg\" class=\"attachment-thumbnail size-thumbnail\" alt=\"\" aria-describedby=\"gallery-1-731\" \/><\/a>\n\t\t\t<\/dt>\n\t\t\t\t<dd class='wp-caption-text gallery-caption' id='gallery-1-731'>\n\t\t\t\tNouveaux Horizons &#8211; L&rsquo;insouciance\n\t\t\t\t<\/dd><\/dl><dl class='gallery-item'>\n\t\t\t<dt class='gallery-icon landscape'>\n\t\t\t\t<a data-elementor-open-lightbox=\"yes\" data-elementor-lightbox-slideshow=\"adfece5\" data-elementor-lightbox-title=\"3-NouveauxHorizon-3464\" data-e-action-hash=\"#elementor-action%3Aaction%3Dlightbox%26settings%3DeyJpZCI6NzMyLCJ1cmwiOiJodHRwczpcL1wvd3d3LmxhdXJlbnQtbGVuZmFudC5jb21cL3Bob3RvZ3JhcGhpZVwvd3AtY29udGVudFwvdXBsb2Fkc1wvMjAxOVwvMDVcLzMtTm91dmVhdXhIb3Jpem9uLTM0NjQuanBnIiwic2xpZGVzaG93IjoiYWRmZWNlNSJ9\" href='https:\/\/www.laurent-lenfant.com\/photographie\/wp-content\/uploads\/2019\/05\/3-NouveauxHorizon-3464.jpg'><img decoding=\"async\" width=\"150\" height=\"150\" src=\"https:\/\/www.laurent-lenfant.com\/photographie\/wp-content\/uploads\/2019\/05\/3-NouveauxHorizon-3464-150x150.jpg\" class=\"attachment-thumbnail size-thumbnail\" alt=\"\" aria-describedby=\"gallery-1-732\" \/><\/a>\n\t\t\t<\/dt>\n\t\t\t\t<dd class='wp-caption-text gallery-caption' id='gallery-1-732'>\n\t\t\t\tNouveaux Horizons &#8211; Mon ami, mon confident\n\t\t\t\t<\/dd><\/dl><dl class='gallery-item'>\n\t\t\t<dt class='gallery-icon landscape'>\n\t\t\t\t<a data-elementor-open-lightbox=\"yes\" data-elementor-lightbox-slideshow=\"adfece5\" data-elementor-lightbox-title=\"4-NouveauxHorizon-9462\" data-e-action-hash=\"#elementor-action%3Aaction%3Dlightbox%26settings%3DeyJpZCI6NzMzLCJ1cmwiOiJodHRwczpcL1wvd3d3LmxhdXJlbnQtbGVuZmFudC5jb21cL3Bob3RvZ3JhcGhpZVwvd3AtY29udGVudFwvdXBsb2Fkc1wvMjAxOVwvMDVcLzQtTm91dmVhdXhIb3Jpem9uLTk0NjIuanBnIiwic2xpZGVzaG93IjoiYWRmZWNlNSJ9\" href='https:\/\/www.laurent-lenfant.com\/photographie\/wp-content\/uploads\/2019\/05\/4-NouveauxHorizon-9462.jpg'><img decoding=\"async\" width=\"150\" height=\"150\" src=\"https:\/\/www.laurent-lenfant.com\/photographie\/wp-content\/uploads\/2019\/05\/4-NouveauxHorizon-9462-150x150.jpg\" class=\"attachment-thumbnail size-thumbnail\" alt=\"\" aria-describedby=\"gallery-1-733\" \/><\/a>\n\t\t\t<\/dt>\n\t\t\t\t<dd class='wp-caption-text gallery-caption' id='gallery-1-733'>\n\t\t\t\tNouveaux Horizons &#8211; Attraper ses r\u00eaves\n\t\t\t\t<\/dd><\/dl><dl class='gallery-item'>\n\t\t\t<dt class='gallery-icon landscape'>\n\t\t\t\t<a data-elementor-open-lightbox=\"yes\" data-elementor-lightbox-slideshow=\"adfece5\" data-elementor-lightbox-title=\"5-NouveauxHorizon-7489\" data-e-action-hash=\"#elementor-action%3Aaction%3Dlightbox%26settings%3DeyJpZCI6NzM0LCJ1cmwiOiJodHRwczpcL1wvd3d3LmxhdXJlbnQtbGVuZmFudC5jb21cL3Bob3RvZ3JhcGhpZVwvd3AtY29udGVudFwvdXBsb2Fkc1wvMjAxOVwvMDVcLzUtTm91dmVhdXhIb3Jpem9uLTc0ODkuanBnIiwic2xpZGVzaG93IjoiYWRmZWNlNSJ9\" href='https:\/\/www.laurent-lenfant.com\/photographie\/wp-content\/uploads\/2019\/05\/5-NouveauxHorizon-7489.jpg'><img loading=\"lazy\" decoding=\"async\" width=\"150\" height=\"150\" src=\"https:\/\/www.laurent-lenfant.com\/photographie\/wp-content\/uploads\/2019\/05\/5-NouveauxHorizon-7489-150x150.jpg\" class=\"attachment-thumbnail size-thumbnail\" alt=\"\" aria-describedby=\"gallery-1-734\" \/><\/a>\n\t\t\t<\/dt>\n\t\t\t\t<dd class='wp-caption-text gallery-caption' id='gallery-1-734'>\n\t\t\t\tNouveaux Horizons &#8211; regarder au del\u00e0 de l&rsquo;Horizon\n\t\t\t\t<\/dd><\/dl><br style=\"clear: both\" \/><dl class='gallery-item'>\n\t\t\t<dt class='gallery-icon landscape'>\n\t\t\t\t<a data-elementor-open-lightbox=\"yes\" data-elementor-lightbox-slideshow=\"adfece5\" data-elementor-lightbox-title=\"6-NouveauxHorizon-7465\" data-e-action-hash=\"#elementor-action%3Aaction%3Dlightbox%26settings%3DeyJpZCI6NzM1LCJ1cmwiOiJodHRwczpcL1wvd3d3LmxhdXJlbnQtbGVuZmFudC5jb21cL3Bob3RvZ3JhcGhpZVwvd3AtY29udGVudFwvdXBsb2Fkc1wvMjAxOVwvMDVcLzYtTm91dmVhdXhIb3Jpem9uLTc0NjUuanBnIiwic2xpZGVzaG93IjoiYWRmZWNlNSJ9\" href='https:\/\/www.laurent-lenfant.com\/photographie\/wp-content\/uploads\/2019\/05\/6-NouveauxHorizon-7465.jpg'><img loading=\"lazy\" decoding=\"async\" width=\"150\" height=\"150\" src=\"https:\/\/www.laurent-lenfant.com\/photographie\/wp-content\/uploads\/2019\/05\/6-NouveauxHorizon-7465-150x150.jpg\" class=\"attachment-thumbnail size-thumbnail\" alt=\"\" aria-describedby=\"gallery-1-735\" \/><\/a>\n\t\t\t<\/dt>\n\t\t\t\t<dd class='wp-caption-text gallery-caption' id='gallery-1-735'>\n\t\t\t\tNouveaux Horizons &#8211; Tenter l&rsquo;envol\n\t\t\t\t<\/dd><\/dl><dl class='gallery-item'>\n\t\t\t<dt class='gallery-icon landscape'>\n\t\t\t\t<a data-elementor-open-lightbox=\"yes\" data-elementor-lightbox-slideshow=\"adfece5\" data-elementor-lightbox-title=\"7-NouveauxHorizon-7948\" data-e-action-hash=\"#elementor-action%3Aaction%3Dlightbox%26settings%3DeyJpZCI6NzM2LCJ1cmwiOiJodHRwczpcL1wvd3d3LmxhdXJlbnQtbGVuZmFudC5jb21cL3Bob3RvZ3JhcGhpZVwvd3AtY29udGVudFwvdXBsb2Fkc1wvMjAxOVwvMDVcLzctTm91dmVhdXhIb3Jpem9uLTc5NDguanBnIiwic2xpZGVzaG93IjoiYWRmZWNlNSJ9\" href='https:\/\/www.laurent-lenfant.com\/photographie\/wp-content\/uploads\/2019\/05\/7-NouveauxHorizon-7948.jpg'><img loading=\"lazy\" decoding=\"async\" width=\"150\" height=\"150\" src=\"https:\/\/www.laurent-lenfant.com\/photographie\/wp-content\/uploads\/2019\/05\/7-NouveauxHorizon-7948-150x150.jpg\" class=\"attachment-thumbnail size-thumbnail\" alt=\"\" aria-describedby=\"gallery-1-736\" \/><\/a>\n\t\t\t<\/dt>\n\t\t\t\t<dd class='wp-caption-text gallery-caption' id='gallery-1-736'>\n\t\t\t\tNouveaux Horizons &#8211; Libre comme l&rsquo;air\n\t\t\t\t<\/dd><\/dl><dl class='gallery-item'>\n\t\t\t<dt class='gallery-icon landscape'>\n\t\t\t\t<a data-elementor-open-lightbox=\"yes\" data-elementor-lightbox-slideshow=\"adfece5\" data-elementor-lightbox-title=\"8-NouveauxHorizon-7933\" data-e-action-hash=\"#elementor-action%3Aaction%3Dlightbox%26settings%3DeyJpZCI6NzM3LCJ1cmwiOiJodHRwczpcL1wvd3d3LmxhdXJlbnQtbGVuZmFudC5jb21cL3Bob3RvZ3JhcGhpZVwvd3AtY29udGVudFwvdXBsb2Fkc1wvMjAxOVwvMDVcLzgtTm91dmVhdXhIb3Jpem9uLTc5MzMuanBnIiwic2xpZGVzaG93IjoiYWRmZWNlNSJ9\" href='https:\/\/www.laurent-lenfant.com\/photographie\/wp-content\/uploads\/2019\/05\/8-NouveauxHorizon-7933.jpg'><img loading=\"lazy\" decoding=\"async\" width=\"150\" height=\"150\" src=\"https:\/\/www.laurent-lenfant.com\/photographie\/wp-content\/uploads\/2019\/05\/8-NouveauxHorizon-7933-150x150.jpg\" class=\"attachment-thumbnail size-thumbnail\" alt=\"\" aria-describedby=\"gallery-1-737\" \/><\/a>\n\t\t\t<\/dt>\n\t\t\t\t<dd class='wp-caption-text gallery-caption' id='gallery-1-737'>\n\t\t\t\tNouveaux Horizons &#8211; mon cocon doux et soyeux\n\t\t\t\t<\/dd><\/dl><dl class='gallery-item'>\n\t\t\t<dt class='gallery-icon landscape'>\n\t\t\t\t<a data-elementor-open-lightbox=\"yes\" data-elementor-lightbox-slideshow=\"adfece5\" data-elementor-lightbox-title=\"9-NouveauxHorizon-9909\" data-e-action-hash=\"#elementor-action%3Aaction%3Dlightbox%26settings%3DeyJpZCI6NzM4LCJ1cmwiOiJodHRwczpcL1wvd3d3LmxhdXJlbnQtbGVuZmFudC5jb21cL3Bob3RvZ3JhcGhpZVwvd3AtY29udGVudFwvdXBsb2Fkc1wvMjAxOVwvMDVcLzktTm91dmVhdXhIb3Jpem9uLTk5MDkuanBnIiwic2xpZGVzaG93IjoiYWRmZWNlNSJ9\" href='https:\/\/www.laurent-lenfant.com\/photographie\/wp-content\/uploads\/2019\/05\/9-NouveauxHorizon-9909.jpg'><img loading=\"lazy\" decoding=\"async\" width=\"150\" height=\"150\" src=\"https:\/\/www.laurent-lenfant.com\/photographie\/wp-content\/uploads\/2019\/05\/9-NouveauxHorizon-9909-150x150.jpg\" class=\"attachment-thumbnail size-thumbnail\" alt=\"\" aria-describedby=\"gallery-1-738\" \/><\/a>\n\t\t\t<\/dt>\n\t\t\t\t<dd class='wp-caption-text gallery-caption' id='gallery-1-738'>\n\t\t\t\tNouveaux Horizons &#8211; La m\u00e9lodie des nouveaux horizons\n\t\t\t\t<\/dd><\/dl><br style=\"clear: both\" \/><dl class='gallery-item'>\n\t\t\t<dt class='gallery-icon landscape'>\n\t\t\t\t<a data-elementor-open-lightbox=\"yes\" data-elementor-lightbox-slideshow=\"adfece5\" data-elementor-lightbox-title=\"10-NouveauxHorizon-2728\" data-e-action-hash=\"#elementor-action%3Aaction%3Dlightbox%26settings%3DeyJpZCI6NzM5LCJ1cmwiOiJodHRwczpcL1wvd3d3LmxhdXJlbnQtbGVuZmFudC5jb21cL3Bob3RvZ3JhcGhpZVwvd3AtY29udGVudFwvdXBsb2Fkc1wvMjAxOVwvMDVcLzEwLU5vdXZlYXV4SG9yaXpvbi0yNzI4LmpwZyIsInNsaWRlc2hvdyI6ImFkZmVjZTUifQ%3D%3D\" href='https:\/\/www.laurent-lenfant.com\/photographie\/wp-content\/uploads\/2019\/05\/10-NouveauxHorizon-2728.jpg'><img loading=\"lazy\" decoding=\"async\" width=\"150\" height=\"150\" src=\"https:\/\/www.laurent-lenfant.com\/photographie\/wp-content\/uploads\/2019\/05\/10-NouveauxHorizon-2728-150x150.jpg\" class=\"attachment-thumbnail size-thumbnail\" alt=\"\" aria-describedby=\"gallery-1-739\" \/><\/a>\n\t\t\t<\/dt>\n\t\t\t\t<dd class='wp-caption-text gallery-caption' id='gallery-1-739'>\n\t\t\t\tNouveaux Horizons &#8211; Le d\u00e9but de la m\u00e9tamorphose\n\t\t\t\t<\/dd><\/dl><dl class='gallery-item'>\n\t\t\t<dt class='gallery-icon landscape'>\n\t\t\t\t<a data-elementor-open-lightbox=\"yes\" data-elementor-lightbox-slideshow=\"adfece5\" data-elementor-lightbox-title=\"12-NouveauxHorizon-1\" data-e-action-hash=\"#elementor-action%3Aaction%3Dlightbox%26settings%3DeyJpZCI6NzQwLCJ1cmwiOiJodHRwczpcL1wvd3d3LmxhdXJlbnQtbGVuZmFudC5jb21cL3Bob3RvZ3JhcGhpZVwvd3AtY29udGVudFwvdXBsb2Fkc1wvMjAxOVwvMDVcLzEyLU5vdXZlYXV4SG9yaXpvbi0xLmpwZyIsInNsaWRlc2hvdyI6ImFkZmVjZTUifQ%3D%3D\" href='https:\/\/www.laurent-lenfant.com\/photographie\/wp-content\/uploads\/2019\/05\/12-NouveauxHorizon-1.jpg'><img loading=\"lazy\" decoding=\"async\" width=\"150\" height=\"150\" src=\"https:\/\/www.laurent-lenfant.com\/photographie\/wp-content\/uploads\/2019\/05\/12-NouveauxHorizon-1-150x150.jpg\" class=\"attachment-thumbnail size-thumbnail\" alt=\"\" aria-describedby=\"gallery-1-740\" \/><\/a>\n\t\t\t<\/dt>\n\t\t\t\t<dd class='wp-caption-text gallery-caption' id='gallery-1-740'>\n\t\t\t\tNouveaux Horizons &#8211; h\u00e9sitations et tentations\n\t\t\t\t<\/dd><\/dl>\n\t\t\t<br style='clear: both' \/>\n\t\t<\/div>\n\t\t<\/div>\n\t\t\t\t\t\t<\/div>\n\t\t\t\t<\/div>\n\t\t\t\t<div class=\"elementor-element elementor-element-294be2c elementor-widget elementor-widget-text-editor\" data-id=\"294be2c\" data-element_type=\"widget\" data-e-type=\"widget\" data-widget_type=\"text-editor.default\">\n\t\t\t\t<div class=\"elementor-widget-container\">\n\t\t\t\t\t\t\t\t\t<p><\/p>\n<p><\/p>\n<h4 class=\"wp-block-heading\">S\u00e9rie expos\u00e9e en 2018 &#8211; Sommi\u00e8res ( Gard ) <\/h4>\n<p><\/p>\n<p>De l\u2019enfance insouciante \u00e0 l\u2019adolescence myst\u00e9rieuse, une m\u00e9tamorphose s\u2019op\u00e8re, certes lente, invisible mais laissant des indices du passage vers ces nouveaux territoires de notre personnalit\u00e9.<\/p>\n<p><\/p>\n<p>De nouvelles attitudes, regards vagues,nouvelles exp\u00e9riences et comportements surviennent lentement, parfois conscients d\u2019autres fois inconscients.<br \/>Le regard change et petit \u00e0 petit comme un papillon qui sort de son cocon, l\u2019adolescence montre ses premi\u00e8res couleurs, ses premiers battements d\u2019ailes vers une envie de libert\u00e9 et de soif de d\u00e9couverte.<\/p>\n<p><\/p>\n<p>A la fois curieux et tendre, ce regard explore cet univers inconnu ou oubli\u00e9 en essayant de capter les signaux au quotidien, glissant entre une enfance qui r\u00e9siste et un passage inexorable vers l\u2019\u00e9tape suivante impos\u00e9e par les changements du corps et de l\u2019esprit.<\/p>\n<p><\/p>\n<p>Cette s\u00e9rie au long cours tente de t\u00e9moigner de ce changement, \u00e0 travers le regard d\u2019un adulte, du p\u00e8re sur sa fille tout au long de cette transition.<\/p>\n<p><\/p>\n<p>Ce premier Acte, qui constitue le point de d\u00e9part, tente d\u2019explorer ce passage, cette m\u00e9tamorphose \u00e0 travers un regard bienveillant et discret qui suit au quotidien cette belle aventure, qui depuis la nuit des temps nous invite \u00e0 l\u2019exploration vers de nouveaux horizons.<\/p>\n<p>Laurent LENFANT<\/p>\n<p><\/p>\t\t\t\t\t\t\t\t<\/div>\n\t\t\t\t<\/div>\n\t\t\t\t\t<\/div>\n\t\t<\/div>\n\t\t\t\t\t<\/div>\n\t\t<\/section>\n\t\t\t\t<\/div>\n\t\t","protected":false},"excerpt":{"rendered":"<p>Acte I &#8211; M\u00e9tamorphose Nouveaux Horizons \u2013 L\u2019insouciance Nouveaux Horizons \u2013 Mon ami, mon confident Nouveaux&hellip;<\/p>\n","protected":false},"author":1,"featured_media":735,"parent":0,"menu_order":0,"comment_status":"closed","ping_status":"closed","template":"","meta":{"footnotes":""},"class_list":["post-765","page","type-page","status-publish","has-post-thumbnail","hentry"],"yoast_head":"<!-- This site is optimized with the Yoast SEO plugin v27.4 - https:\/\/yoast.com\/product\/yoast-seo-wordpress\/ -->\n<title>Nouveaux Horizons - Laurent LENFANT | Photographe Avignon<\/title>\n<meta name=\"robots\" content=\"index, follow, max-snippet:-1, max-image-preview:large, max-video-preview:-1\" \/>\n<link rel=\"canonical\" href=\"https:\/\/www.laurent-lenfant.com\/photographie\/nouveaux-horizons\/\" \/>\n<meta property=\"og:locale\" content=\"fr_FR\" \/>\n<meta property=\"og:type\" content=\"article\" \/>\n<meta property=\"og:title\" content=\"Nouveaux Horizons - Laurent LENFANT | Photographe Avignon\" \/>\n<meta property=\"og:description\" content=\"Acte I &#8211; M\u00e9tamorphose Nouveaux Horizons \u2013 L\u2019insouciance Nouveaux Horizons \u2013 Mon ami, mon confident Nouveaux&hellip;\" \/>\n<meta property=\"og:url\" content=\"https:\/\/www.laurent-lenfant.com\/photographie\/nouveaux-horizons\/\" \/>\n<meta property=\"og:site_name\" content=\"Laurent LENFANT | Photographe Avignon\" \/>\n<meta property=\"article:modified_time\" content=\"2019-05-19T10:55:28+00:00\" \/>\n<meta property=\"og:image\" content=\"https:\/\/www.laurent-lenfant.com\/photographie\/wp-content\/uploads\/2019\/05\/6-NouveauxHorizon-7465.jpg\" \/>\n\t<meta property=\"og:image:width\" content=\"1024\" \/>\n\t<meta property=\"og:image:height\" content=\"682\" \/>\n\t<meta property=\"og:image:type\" content=\"image\/jpeg\" \/>\n<meta name=\"twitter:card\" content=\"summary_large_image\" \/>\n<meta name=\"twitter:label1\" content=\"Dur\u00e9e de lecture estim\u00e9e\" \/>\n\t<meta name=\"twitter:data1\" content=\"1 minute\" \/>\n<script type=\"application\/ld+json\" class=\"yoast-schema-graph\">{\"@context\":\"https:\\\/\\\/schema.org\",\"@graph\":[{\"@type\":\"WebPage\",\"@id\":\"https:\\\/\\\/www.laurent-lenfant.com\\\/photographie\\\/nouveaux-horizons\\\/\",\"url\":\"https:\\\/\\\/www.laurent-lenfant.com\\\/photographie\\\/nouveaux-horizons\\\/\",\"name\":\"Nouveaux Horizons - Laurent LENFANT | Photographe Avignon\",\"isPartOf\":{\"@id\":\"https:\\\/\\\/www.laurent-lenfant.com\\\/photographie\\\/#website\"},\"primaryImageOfPage\":{\"@id\":\"https:\\\/\\\/www.laurent-lenfant.com\\\/photographie\\\/nouveaux-horizons\\\/#primaryimage\"},\"image\":{\"@id\":\"https:\\\/\\\/www.laurent-lenfant.com\\\/photographie\\\/nouveaux-horizons\\\/#primaryimage\"},\"thumbnailUrl\":\"https:\\\/\\\/www.laurent-lenfant.com\\\/photographie\\\/wp-content\\\/uploads\\\/2019\\\/05\\\/6-NouveauxHorizon-7465.jpg\",\"datePublished\":\"2019-05-19T10:54:14+00:00\",\"dateModified\":\"2019-05-19T10:55:28+00:00\",\"breadcrumb\":{\"@id\":\"https:\\\/\\\/www.laurent-lenfant.com\\\/photographie\\\/nouveaux-horizons\\\/#breadcrumb\"},\"inLanguage\":\"fr-FR\",\"potentialAction\":[{\"@type\":\"ReadAction\",\"target\":[\"https:\\\/\\\/www.laurent-lenfant.com\\\/photographie\\\/nouveaux-horizons\\\/\"]}]},{\"@type\":\"ImageObject\",\"inLanguage\":\"fr-FR\",\"@id\":\"https:\\\/\\\/www.laurent-lenfant.com\\\/photographie\\\/nouveaux-horizons\\\/#primaryimage\",\"url\":\"https:\\\/\\\/www.laurent-lenfant.com\\\/photographie\\\/wp-content\\\/uploads\\\/2019\\\/05\\\/6-NouveauxHorizon-7465.jpg\",\"contentUrl\":\"https:\\\/\\\/www.laurent-lenfant.com\\\/photographie\\\/wp-content\\\/uploads\\\/2019\\\/05\\\/6-NouveauxHorizon-7465.jpg\",\"width\":1024,\"height\":682,\"caption\":\"Nouveaux Horizons - Tenter l'envol\"},{\"@type\":\"BreadcrumbList\",\"@id\":\"https:\\\/\\\/www.laurent-lenfant.com\\\/photographie\\\/nouveaux-horizons\\\/#breadcrumb\",\"itemListElement\":[{\"@type\":\"ListItem\",\"position\":1,\"name\":\"Accueil\",\"item\":\"https:\\\/\\\/www.laurent-lenfant.com\\\/photographie\\\/\"},{\"@type\":\"ListItem\",\"position\":2,\"name\":\"Nouveaux Horizons\"}]},{\"@type\":\"WebSite\",\"@id\":\"https:\\\/\\\/www.laurent-lenfant.com\\\/photographie\\\/#website\",\"url\":\"https:\\\/\\\/www.laurent-lenfant.com\\\/photographie\\\/\",\"name\":\"Laurent LENFANT | Photographe Avignon\",\"description\":\"Portrait - Reportage - Illustration - Auteur\",\"potentialAction\":[{\"@type\":\"SearchAction\",\"target\":{\"@type\":\"EntryPoint\",\"urlTemplate\":\"https:\\\/\\\/www.laurent-lenfant.com\\\/photographie\\\/?s={search_term_string}\"},\"query-input\":{\"@type\":\"PropertyValueSpecification\",\"valueRequired\":true,\"valueName\":\"search_term_string\"}}],\"inLanguage\":\"fr-FR\"}]}<\/script>\n<!-- \/ Yoast SEO plugin. -->","yoast_head_json":{"title":"Nouveaux Horizons - Laurent LENFANT | Photographe Avignon","robots":{"index":"index","follow":"follow","max-snippet":"max-snippet:-1","max-image-preview":"max-image-preview:large","max-video-preview":"max-video-preview:-1"},"canonical":"https:\/\/www.laurent-lenfant.com\/photographie\/nouveaux-horizons\/","og_locale":"fr_FR","og_type":"article","og_title":"Nouveaux Horizons - Laurent LENFANT | Photographe Avignon","og_description":"Acte I &#8211; M\u00e9tamorphose Nouveaux Horizons \u2013 L\u2019insouciance Nouveaux Horizons \u2013 Mon ami, mon confident Nouveaux&hellip;","og_url":"https:\/\/www.laurent-lenfant.com\/photographie\/nouveaux-horizons\/","og_site_name":"Laurent LENFANT | Photographe Avignon","article_modified_time":"2019-05-19T10:55:28+00:00","og_image":[{"width":1024,"height":682,"url":"https:\/\/www.laurent-lenfant.com\/photographie\/wp-content\/uploads\/2019\/05\/6-NouveauxHorizon-7465.jpg","type":"image\/jpeg"}],"twitter_card":"summary_large_image","twitter_misc":{"Dur\u00e9e de lecture estim\u00e9e":"1 minute"},"schema":{"@context":"https:\/\/schema.org","@graph":[{"@type":"WebPage","@id":"https:\/\/www.laurent-lenfant.com\/photographie\/nouveaux-horizons\/","url":"https:\/\/www.laurent-lenfant.com\/photographie\/nouveaux-horizons\/","name":"Nouveaux Horizons - Laurent LENFANT | Photographe Avignon","isPartOf":{"@id":"https:\/\/www.laurent-lenfant.com\/photographie\/#website"},"primaryImageOfPage":{"@id":"https:\/\/www.laurent-lenfant.com\/photographie\/nouveaux-horizons\/#primaryimage"},"image":{"@id":"https:\/\/www.laurent-lenfant.com\/photographie\/nouveaux-horizons\/#primaryimage"},"thumbnailUrl":"https:\/\/www.laurent-lenfant.com\/photographie\/wp-content\/uploads\/2019\/05\/6-NouveauxHorizon-7465.jpg","datePublished":"2019-05-19T10:54:14+00:00","dateModified":"2019-05-19T10:55:28+00:00","breadcrumb":{"@id":"https:\/\/www.laurent-lenfant.com\/photographie\/nouveaux-horizons\/#breadcrumb"},"inLanguage":"fr-FR","potentialAction":[{"@type":"ReadAction","target":["https:\/\/www.laurent-lenfant.com\/photographie\/nouveaux-horizons\/"]}]},{"@type":"ImageObject","inLanguage":"fr-FR","@id":"https:\/\/www.laurent-lenfant.com\/photographie\/nouveaux-horizons\/#primaryimage","url":"https:\/\/www.laurent-lenfant.com\/photographie\/wp-content\/uploads\/2019\/05\/6-NouveauxHorizon-7465.jpg","contentUrl":"https:\/\/www.laurent-lenfant.com\/photographie\/wp-content\/uploads\/2019\/05\/6-NouveauxHorizon-7465.jpg","width":1024,"height":682,"caption":"Nouveaux Horizons - Tenter l'envol"},{"@type":"BreadcrumbList","@id":"https:\/\/www.laurent-lenfant.com\/photographie\/nouveaux-horizons\/#breadcrumb","itemListElement":[{"@type":"ListItem","position":1,"name":"Accueil","item":"https:\/\/www.laurent-lenfant.com\/photographie\/"},{"@type":"ListItem","position":2,"name":"Nouveaux Horizons"}]},{"@type":"WebSite","@id":"https:\/\/www.laurent-lenfant.com\/photographie\/#website","url":"https:\/\/www.laurent-lenfant.com\/photographie\/","name":"Laurent LENFANT | Photographe Avignon","description":"Portrait - Reportage - Illustration - Auteur","potentialAction":[{"@type":"SearchAction","target":{"@type":"EntryPoint","urlTemplate":"https:\/\/www.laurent-lenfant.com\/photographie\/?s={search_term_string}"},"query-input":{"@type":"PropertyValueSpecification","valueRequired":true,"valueName":"search_term_string"}}],"inLanguage":"fr-FR"}]}},"_links":{"self":[{"href":"https:\/\/www.laurent-lenfant.com\/photographie\/wp-json\/wp\/v2\/pages\/765","targetHints":{"allow":["GET"]}}],"collection":[{"href":"https:\/\/www.laurent-lenfant.com\/photographie\/wp-json\/wp\/v2\/pages"}],"about":[{"href":"https:\/\/www.laurent-lenfant.com\/photographie\/wp-json\/wp\/v2\/types\/page"}],"author":[{"embeddable":true,"href":"https:\/\/www.laurent-lenfant.com\/photographie\/wp-json\/wp\/v2\/users\/1"}],"replies":[{"embeddable":true,"href":"https:\/\/www.laurent-lenfant.com\/photographie\/wp-json\/wp\/v2\/comments?post=765"}],"version-history":[{"count":3,"href":"https:\/\/www.laurent-lenfant.com\/photographie\/wp-json\/wp\/v2\/pages\/765\/revisions"}],"predecessor-version":[{"id":768,"href":"https:\/\/www.laurent-lenfant.com\/photographie\/wp-json\/wp\/v2\/pages\/765\/revisions\/768"}],"wp:featuredmedia":[{"embeddable":true,"href":"https:\/\/www.laurent-lenfant.com\/photographie\/wp-json\/wp\/v2\/media\/735"}],"wp:attachment":[{"href":"https:\/\/www.laurent-lenfant.com\/photographie\/wp-json\/wp\/v2\/media?parent=765"}],"curies":[{"name":"wp","href":"https:\/\/api.w.org\/{rel}","templated":true}]}}