{"id":19,"date":"2015-04-23T12:47:12","date_gmt":"2015-04-23T12:47:12","guid":{"rendered":"http:\/\/laurent-lenfant.com\/photographie\/?page_id=19"},"modified":"2017-12-11T19:40:34","modified_gmt":"2017-12-11T19:40:34","slug":"contacts","status":"publish","type":"page","link":"https:\/\/www.laurent-lenfant.com\/photographie\/contacts\/","title":{"rendered":"Pour toute demande d&rsquo;information&#8230;"},"content":{"rendered":"<h4><a href=\"http:\/\/www.laurent-lenfant.com\/photographie\/wp-content\/uploads\/2017\/12\/Contacts-laurent-lenfant-photographe-avignon.png\" rel=\"attachment wp-att-335\"><img fetchpriority=\"high\" decoding=\"async\" class=\"wp-image-574 size-medium alignleft\" src=\"http:\/\/www.laurent-lenfant.com\/photographie\/wp-content\/uploads\/2017\/12\/Contacts-laurent-lenfant-photographe-avignon-300x250.png\" alt=\"\" width=\"300\" height=\"250\" srcset=\"https:\/\/www.laurent-lenfant.com\/photographie\/wp-content\/uploads\/2017\/12\/Contacts-laurent-lenfant-photographe-avignon-300x250.png 300w, https:\/\/www.laurent-lenfant.com\/photographie\/wp-content\/uploads\/2017\/12\/Contacts-laurent-lenfant-photographe-avignon.png 697w\" sizes=\"(max-width: 300px) 100vw, 300px\" \/><\/a>Votre projet photo avance, vous avez une question, un projet photographique, besoin d&rsquo;une \u00e9tude d&rsquo;un devis ?<\/h4>\n<h5>N&rsquo;h\u00e9sitez pas \u00e0 me laisser un message<\/h5>\n<div class=\"su-list\" style=\"margin-left:0px\">\n<ul>\n<li><i class=\"sui sui-envelope\" style=\"color:#fba12f\"><\/i> <strong>E-mail<\/strong> : photo[at]laurent-lenfant.com\n<pre>Remplacer [at] par @ : antispam<\/pre>\n<\/li>\n<\/ul>\n<\/div>\n<div class=\"su-list\" style=\"margin-left:0px\">\n<ul>\n<li><i class=\"sui sui-phone-square\" style=\"color:#fba12f\"><\/i> <strong>T\u00e9l\u00e9phone<\/strong> : 04 84 25 15 32 ( Du lundi au Vendredi &#8211; 9h &#8211; 18h )<\/li>\n<\/ul>\n<\/div>\n<div class=\"su-divider su-divider-style-dotted\" style=\"margin:15px 0;border-width:3px;border-color:#f5c196\"><\/div>\n<h3>C&rsquo;est plus simple, utilisez le formulaire de contact ci-dessous pour une premi\u00e8re demande&#8230;<\/h3>\n<div class=\"su-note\"  style=\"border-color:#e4c578;border-radius:4px;-moz-border-radius:4px;-webkit-border-radius:4px;\"><div class=\"su-note-inner su-u-clearfix su-u-trim\" style=\"background-color:#fedf92;border-color:#ffffff;color:#333333;border-radius:4px;-moz-border-radius:4px;-webkit-border-radius:4px;\">\n<link rel='stylesheet' id='formidable-css' href='https:\/\/www.laurent-lenfant.com\/photographie\/wp-content\/plugins\/formidable\/css\/formidableforms.css?ver=417711' type='text\/css' media='all' \/>\n<div class=\"frm_forms  with_frm_style frm_style_formidable-style\" id=\"frm_form_2_container\" >\n<form enctype=\"multipart\/form-data\" method=\"post\" class=\"frm-show-form \" id=\"form_6xo9p\" >\n<div class=\"frm_form_fields \">\n<fieldset>\n<legend class=\"frm_hidden\">Nous contacter<\/legend>\r\n\r\n<div class=\"frm_fields_container\">\n<input type=\"hidden\" name=\"frm_action\" value=\"create\" \/>\n<input type=\"hidden\" name=\"form_id\" value=\"2\" \/>\n<input type=\"hidden\" name=\"frm_hide_fields_2\" id=\"frm_hide_fields_2\" value=\"\" \/>\n<input type=\"hidden\" name=\"form_key\" value=\"6xo9p\" \/>\n<input type=\"hidden\" name=\"item_meta[0]\" value=\"\" \/>\n<input type=\"hidden\" id=\"frm_submit_entry_2\" name=\"frm_submit_entry_2\" value=\"9b291e771d\" \/><input type=\"hidden\" name=\"_wp_http_referer\" value=\"\/photographie\/wp-json\/wp\/v2\/pages\/19\" \/><div id=\"frm_field_8_container\" class=\"frm_form_field form-field  frm_required_field frm_top_container\">\r\n    <label for=\"field_bh713\" class=\"frm_primary_label\">Votre Nom et Pr\u00e9nom\r\n        <span class=\"frm_required\">*<\/span>\r\n    <\/label>\r\n    <input type=\"text\" id=\"field_bh713\" name=\"item_meta[8]\" value=\"\"  style=\"width:300px\" data-reqmsg=\"Ce champ ne peut pas \u00eatre vide\" aria-required=\"true\" data-invmsg=\"Votre Nom et Pr\u00e9nom est non valide\" class=\"auto_width\" aria-invalid=\"false\"   aria-describedby=\"frm_desc_field_bh713\"\/>\r\n    <div id=\"frm_desc_field_bh713\" class=\"frm_description\">Saisir votre  nom et pr\u00e9nom<\/div>\r\n    \r\n<\/div>\n<div id=\"frm_field_9_container\" class=\"frm_form_field form-field  frm_top_container\">\r\n    <label for=\"field_1mra7\" class=\"frm_primary_label\">Votre Soci\u00e9t\u00e9 ou structure\r\n        <span class=\"frm_required\"><\/span>\r\n    <\/label>\r\n    <input type=\"text\" id=\"field_1mra7\" name=\"item_meta[9]\" value=\"\"  style=\"width:300px\" data-invmsg=\"Votre Soci\u00e9t\u00e9 ou structure est non valide\" class=\"auto_width\" aria-invalid=\"false\"   aria-describedby=\"frm_desc_field_1mra7\"\/>\r\n    <div id=\"frm_desc_field_1mra7\" class=\"frm_description\">Indiquez le nom de votre soci\u00e9t\u00e9 ou de votre structure ( uniquement dans le cadre d'une demande professionnelle, si vous \u00eates un particulier, laissez ce champ vide )<\/div>\r\n    \r\n<\/div>\n<div id=\"frm_field_10_container\" class=\"frm_form_field form-field  frm_required_field frm_top_container\">\r\n    <label for=\"field_hgdys\" class=\"frm_primary_label\">Votre adresse e-mail\r\n        <span class=\"frm_required\">*<\/span>\r\n    <\/label>\r\n    <input type=\"email\" id=\"field_hgdys\" name=\"item_meta[10]\" value=\"\"  style=\"width:300px\" data-reqmsg=\"@\" aria-required=\"true\" data-invmsg=\"Votre adresse e-mail est non valide\" class=\"auto_width\" aria-invalid=\"false\"   aria-describedby=\"frm_desc_field_hgdys\"\/>\r\n    <div id=\"frm_desc_field_hgdys\" class=\"frm_description\">Merci de saisir une adresse mail valide afin de pouvoir vous contacter<\/div>\r\n    \r\n<\/div>\n<div id=\"frm_field_11_container\" class=\"frm_form_field form-field  frm_required_field frm_top_container\">\r\n    <label for=\"field_a1e0v\" class=\"frm_primary_label\">Un num\u00e9ro de t\u00e9l\u00e9phone auquel vous joindre\r\n        <span class=\"frm_required\">*<\/span>\r\n    <\/label>\r\n    <input type=\"text\" id=\"field_a1e0v\" name=\"item_meta[11]\" value=\"\"  style=\"width:300px\" data-reqmsg=\"Ce champ ne peut pas \u00eatre vide\" aria-required=\"true\" data-invmsg=\"Un num\u00e9ro de t\u00e9l\u00e9phone auquel vous joindre est non valide\" class=\"auto_width\" aria-invalid=\"false\"   aria-describedby=\"frm_desc_field_a1e0v\"\/>\r\n    <div id=\"frm_desc_field_a1e0v\" class=\"frm_description\">Indiquez un num\u00e9ro, par exemple mobile, auquel on peut facilement vous joindre<\/div>\r\n    \r\n<\/div>\n<div id=\"frm_field_12_container\" class=\"frm_form_field form-field  frm_required_field frm_top_container\">\r\n    <label for=\"field_rbvdb\" class=\"frm_primary_label\">Votre demande \/ Votre besoin\r\n        <span class=\"frm_required\">*<\/span>\r\n    <\/label>\r\n    <textarea name=\"item_meta[12]\" id=\"field_rbvdb\" rows=\"5\"  data-reqmsg=\"Ce champ ne peut pas \u00eatre vide\" aria-required=\"true\" data-invmsg=\"Votre demande \/ Votre besoin est non valide\" aria-invalid=\"false\"   aria-describedby=\"frm_desc_field_rbvdb\"><\/textarea>\r\n    <div id=\"frm_desc_field_rbvdb\" class=\"frm_description\">Merci de d\u00e9tailler pr\u00e9cis\u00e9ment l'objet de votre demande ou de votre besoin.<\/div>\r\n    \r\n<\/div>\n<div id=\"frm_field_13_container\" class=\"frm_form_field form-field  frm_top_container\">\r\n    <label for=\"g-recaptcha-response\" class=\"frm_primary_label\">reCAPTCHA\r\n        <span class=\"frm_required\"><\/span>\r\n    <\/label>\r\n    <div  id=\"field_g80f1\" class=\"frm-g-recaptcha\" data-sitekey=\"6LcsxBoTAAAAAB79xw_Z8FeFa93mpKSoyMlRTDdA\" data-size=\"normal\" data-theme=\"light\"><\/div>\r\n    \r\n    \r\n<\/div>\n\t<input type=\"hidden\" name=\"item_key\" value=\"\" \/>\n\t\t\t<div id=\"frm_field_14_container\">\n\t\t\t<label for=\"field_bl0qv\" >\n\t\t\t\tSi vous \u00eates un humain, ne remplissez pas ce champ.\t\t\t<\/label>\n\t\t\t<input  id=\"field_bl0qv\" type=\"text\" class=\"frm_form_field form-field frm_verify\" name=\"item_meta[14]\" value=\"\"  \/>\n\t\t<\/div>\n\t\t<input name=\"frm_state\" type=\"hidden\" value=\"axq3+JtSP4JW3grM\/QzHoEnLLrm9Maj8YaxEIMCeUmM=\" \/><div class=\"frm_submit\">\r\n\r\n<input type=\"submit\" value=\"Soumettre\"  \/>\r\n<img decoding=\"async\" class=\"frm_ajax_loading\" src=\"https:\/\/www.laurent-lenfant.com\/photographie\/wp-content\/plugins\/formidable\/images\/ajax_loader.gif\" alt=\"Envoi\"\/>\r\n\r\n<\/div><\/div>\n<\/fieldset>\n<\/div>\n\n<\/form>\n<\/div>\n\n<\/div><\/div>\n","protected":false},"excerpt":{"rendered":"<p>Votre projet photo avance, vous avez une question, un projet photographique, besoin d&rsquo;une \u00e9tude d&rsquo;un devis&hellip;<\/p>\n","protected":false},"author":2,"featured_media":0,"parent":0,"menu_order":0,"comment_status":"closed","ping_status":"closed","template":"","meta":{"footnotes":""},"class_list":["post-19","page","type-page","status-publish","hentry"],"yoast_head":"<!-- This site is optimized with the Yoast SEO plugin v27.4 - https:\/\/yoast.com\/product\/yoast-seo-wordpress\/ -->\n<title>Pour toute demande d&#039;information... - Laurent LENFANT | Photographe Avignon<\/title>\n<meta name=\"robots\" content=\"index, follow, max-snippet:-1, max-image-preview:large, max-video-preview:-1\" \/>\n<link rel=\"canonical\" href=\"https:\/\/www.laurent-lenfant.com\/photographie\/contacts\/\" \/>\n<meta property=\"og:locale\" content=\"fr_FR\" \/>\n<meta property=\"og:type\" content=\"article\" \/>\n<meta property=\"og:title\" content=\"Pour toute demande d&#039;information... - Laurent LENFANT | Photographe Avignon\" \/>\n<meta property=\"og:description\" content=\"Votre projet photo avance, vous avez une question, un projet photographique, besoin d&rsquo;une \u00e9tude d&rsquo;un devis&hellip;\" \/>\n<meta property=\"og:url\" content=\"https:\/\/www.laurent-lenfant.com\/photographie\/contacts\/\" \/>\n<meta property=\"og:site_name\" content=\"Laurent LENFANT | Photographe Avignon\" \/>\n<meta property=\"article:modified_time\" content=\"2017-12-11T19:40:34+00:00\" \/>\n<meta property=\"og:image\" content=\"http:\/\/www.laurent-lenfant.com\/photographie\/wp-content\/uploads\/2017\/12\/Contacts-laurent-lenfant-photographe-avignon-300x250.png\" \/>\n<meta name=\"twitter:card\" content=\"summary_large_image\" \/>\n<script type=\"application\/ld+json\" class=\"yoast-schema-graph\">{\"@context\":\"https:\\\/\\\/schema.org\",\"@graph\":[{\"@type\":\"WebPage\",\"@id\":\"https:\\\/\\\/www.laurent-lenfant.com\\\/photographie\\\/contacts\\\/\",\"url\":\"https:\\\/\\\/www.laurent-lenfant.com\\\/photographie\\\/contacts\\\/\",\"name\":\"Pour toute demande d'information... - Laurent LENFANT | Photographe Avignon\",\"isPartOf\":{\"@id\":\"https:\\\/\\\/www.laurent-lenfant.com\\\/photographie\\\/#website\"},\"primaryImageOfPage\":{\"@id\":\"https:\\\/\\\/www.laurent-lenfant.com\\\/photographie\\\/contacts\\\/#primaryimage\"},\"image\":{\"@id\":\"https:\\\/\\\/www.laurent-lenfant.com\\\/photographie\\\/contacts\\\/#primaryimage\"},\"thumbnailUrl\":\"http:\\\/\\\/www.laurent-lenfant.com\\\/photographie\\\/wp-content\\\/uploads\\\/2017\\\/12\\\/Contacts-laurent-lenfant-photographe-avignon-300x250.png\",\"datePublished\":\"2015-04-23T12:47:12+00:00\",\"dateModified\":\"2017-12-11T19:40:34+00:00\",\"breadcrumb\":{\"@id\":\"https:\\\/\\\/www.laurent-lenfant.com\\\/photographie\\\/contacts\\\/#breadcrumb\"},\"inLanguage\":\"fr-FR\",\"potentialAction\":[{\"@type\":\"ReadAction\",\"target\":[\"https:\\\/\\\/www.laurent-lenfant.com\\\/photographie\\\/contacts\\\/\"]}]},{\"@type\":\"ImageObject\",\"inLanguage\":\"fr-FR\",\"@id\":\"https:\\\/\\\/www.laurent-lenfant.com\\\/photographie\\\/contacts\\\/#primaryimage\",\"url\":\"http:\\\/\\\/www.laurent-lenfant.com\\\/photographie\\\/wp-content\\\/uploads\\\/2017\\\/12\\\/Contacts-laurent-lenfant-photographe-avignon-300x250.png\",\"contentUrl\":\"http:\\\/\\\/www.laurent-lenfant.com\\\/photographie\\\/wp-content\\\/uploads\\\/2017\\\/12\\\/Contacts-laurent-lenfant-photographe-avignon-300x250.png\"},{\"@type\":\"BreadcrumbList\",\"@id\":\"https:\\\/\\\/www.laurent-lenfant.com\\\/photographie\\\/contacts\\\/#breadcrumb\",\"itemListElement\":[{\"@type\":\"ListItem\",\"position\":1,\"name\":\"Accueil\",\"item\":\"https:\\\/\\\/www.laurent-lenfant.com\\\/photographie\\\/\"},{\"@type\":\"ListItem\",\"position\":2,\"name\":\"Pour toute demande d&rsquo;information&#8230;\"}]},{\"@type\":\"WebSite\",\"@id\":\"https:\\\/\\\/www.laurent-lenfant.com\\\/photographie\\\/#website\",\"url\":\"https:\\\/\\\/www.laurent-lenfant.com\\\/photographie\\\/\",\"name\":\"Laurent LENFANT | Photographe Avignon\",\"description\":\"Portrait - Reportage - Illustration - Auteur\",\"potentialAction\":[{\"@type\":\"SearchAction\",\"target\":{\"@type\":\"EntryPoint\",\"urlTemplate\":\"https:\\\/\\\/www.laurent-lenfant.com\\\/photographie\\\/?s={search_term_string}\"},\"query-input\":{\"@type\":\"PropertyValueSpecification\",\"valueRequired\":true,\"valueName\":\"search_term_string\"}}],\"inLanguage\":\"fr-FR\"}]}<\/script>\n<!-- \/ Yoast SEO plugin. -->","yoast_head_json":{"title":"Pour toute demande d'information... - Laurent LENFANT | Photographe Avignon","robots":{"index":"index","follow":"follow","max-snippet":"max-snippet:-1","max-image-preview":"max-image-preview:large","max-video-preview":"max-video-preview:-1"},"canonical":"https:\/\/www.laurent-lenfant.com\/photographie\/contacts\/","og_locale":"fr_FR","og_type":"article","og_title":"Pour toute demande d'information... - Laurent LENFANT | Photographe Avignon","og_description":"Votre projet photo avance, vous avez une question, un projet photographique, besoin d&rsquo;une \u00e9tude d&rsquo;un devis&hellip;","og_url":"https:\/\/www.laurent-lenfant.com\/photographie\/contacts\/","og_site_name":"Laurent LENFANT | Photographe Avignon","article_modified_time":"2017-12-11T19:40:34+00:00","og_image":[{"url":"http:\/\/www.laurent-lenfant.com\/photographie\/wp-content\/uploads\/2017\/12\/Contacts-laurent-lenfant-photographe-avignon-300x250.png","type":"","width":"","height":""}],"twitter_card":"summary_large_image","schema":{"@context":"https:\/\/schema.org","@graph":[{"@type":"WebPage","@id":"https:\/\/www.laurent-lenfant.com\/photographie\/contacts\/","url":"https:\/\/www.laurent-lenfant.com\/photographie\/contacts\/","name":"Pour toute demande d'information... - Laurent LENFANT | Photographe Avignon","isPartOf":{"@id":"https:\/\/www.laurent-lenfant.com\/photographie\/#website"},"primaryImageOfPage":{"@id":"https:\/\/www.laurent-lenfant.com\/photographie\/contacts\/#primaryimage"},"image":{"@id":"https:\/\/www.laurent-lenfant.com\/photographie\/contacts\/#primaryimage"},"thumbnailUrl":"http:\/\/www.laurent-lenfant.com\/photographie\/wp-content\/uploads\/2017\/12\/Contacts-laurent-lenfant-photographe-avignon-300x250.png","datePublished":"2015-04-23T12:47:12+00:00","dateModified":"2017-12-11T19:40:34+00:00","breadcrumb":{"@id":"https:\/\/www.laurent-lenfant.com\/photographie\/contacts\/#breadcrumb"},"inLanguage":"fr-FR","potentialAction":[{"@type":"ReadAction","target":["https:\/\/www.laurent-lenfant.com\/photographie\/contacts\/"]}]},{"@type":"ImageObject","inLanguage":"fr-FR","@id":"https:\/\/www.laurent-lenfant.com\/photographie\/contacts\/#primaryimage","url":"http:\/\/www.laurent-lenfant.com\/photographie\/wp-content\/uploads\/2017\/12\/Contacts-laurent-lenfant-photographe-avignon-300x250.png","contentUrl":"http:\/\/www.laurent-lenfant.com\/photographie\/wp-content\/uploads\/2017\/12\/Contacts-laurent-lenfant-photographe-avignon-300x250.png"},{"@type":"BreadcrumbList","@id":"https:\/\/www.laurent-lenfant.com\/photographie\/contacts\/#breadcrumb","itemListElement":[{"@type":"ListItem","position":1,"name":"Accueil","item":"https:\/\/www.laurent-lenfant.com\/photographie\/"},{"@type":"ListItem","position":2,"name":"Pour toute demande d&rsquo;information&#8230;"}]},{"@type":"WebSite","@id":"https:\/\/www.laurent-lenfant.com\/photographie\/#website","url":"https:\/\/www.laurent-lenfant.com\/photographie\/","name":"Laurent LENFANT | Photographe Avignon","description":"Portrait - Reportage - Illustration - Auteur","potentialAction":[{"@type":"SearchAction","target":{"@type":"EntryPoint","urlTemplate":"https:\/\/www.laurent-lenfant.com\/photographie\/?s={search_term_string}"},"query-input":{"@type":"PropertyValueSpecification","valueRequired":true,"valueName":"search_term_string"}}],"inLanguage":"fr-FR"}]}},"_links":{"self":[{"href":"https:\/\/www.laurent-lenfant.com\/photographie\/wp-json\/wp\/v2\/pages\/19","targetHints":{"allow":["GET"]}}],"collection":[{"href":"https:\/\/www.laurent-lenfant.com\/photographie\/wp-json\/wp\/v2\/pages"}],"about":[{"href":"https:\/\/www.laurent-lenfant.com\/photographie\/wp-json\/wp\/v2\/types\/page"}],"author":[{"embeddable":true,"href":"https:\/\/www.laurent-lenfant.com\/photographie\/wp-json\/wp\/v2\/users\/2"}],"replies":[{"embeddable":true,"href":"https:\/\/www.laurent-lenfant.com\/photographie\/wp-json\/wp\/v2\/comments?post=19"}],"version-history":[{"count":21,"href":"https:\/\/www.laurent-lenfant.com\/photographie\/wp-json\/wp\/v2\/pages\/19\/revisions"}],"predecessor-version":[{"id":576,"href":"https:\/\/www.laurent-lenfant.com\/photographie\/wp-json\/wp\/v2\/pages\/19\/revisions\/576"}],"wp:attachment":[{"href":"https:\/\/www.laurent-lenfant.com\/photographie\/wp-json\/wp\/v2\/media?parent=19"}],"curies":[{"name":"wp","href":"https:\/\/api.w.org\/{rel}","templated":true}]}}