{"id":153,"date":"2015-06-24T15:44:34","date_gmt":"2015-06-24T15:44:34","guid":{"rendered":"http:\/\/www.laurent-lenfant.com\/photographie\/?page_id=153"},"modified":"2017-12-07T05:42:52","modified_gmt":"2017-12-07T05:42:52","slug":"utiliser-de-vieux-objectifs-argentiques-sur-des-appareils-numeriques","status":"publish","type":"page","link":"https:\/\/www.laurent-lenfant.com\/photographie\/utiliser-de-vieux-objectifs-argentiques-sur-des-appareils-numeriques\/","title":{"rendered":"Utiliser de vieux objectifs argentiques sur des appareils num\u00e9riques"},"content":{"rendered":"<h2>Qui a dit que l&rsquo;\u00e9co-attitude n&rsquo;existe pas en photo num\u00e9rique ?<\/h2>\n<blockquote><p>Bon pour ce premier billet de blog, merci d&rsquo;\u00eatre indulgent : c&rsquo;est une premi\u00e8re&#8230;Je souhaite partager aujourd&rsquo;hui ma passion pour l&rsquo;adaptation et l&rsquo;utilisation des \u00ab\u00a0vieux objectifs\u00a0\u00bb sur des hybrides ou r\u00e9flex num\u00e9riques en essayant de d\u00e9tailler les \u00ab\u00a0pour\u00a0\u00bb et \u00ab\u00a0contre\u00a0\u00bb .. Bonne lecture<\/p><\/blockquote>\n<p>&nbsp;<\/p>\n<h3>Pourquoi des vieux objectifs sur des r\u00e9flex num\u00e9riques modernes ?<\/h3>\n<p><a href=\"http:\/\/www.laurent-lenfant.com\/photographie\/wp-content\/uploads\/2015\/06\/fujinon-50mm1-6.jpg\"><img decoding=\"async\" class=\"  wp-image-146 alignleft\" src=\"http:\/\/www.laurent-lenfant.com\/photographie\/wp-content\/uploads\/2015\/06\/fujinon-50mm1-6-300x300.jpg\" alt=\"fujinon-50mm1-6\" width=\"178\" height=\"178\" srcset=\"https:\/\/www.laurent-lenfant.com\/photographie\/wp-content\/uploads\/2015\/06\/fujinon-50mm1-6-300x300.jpg 300w, https:\/\/www.laurent-lenfant.com\/photographie\/wp-content\/uploads\/2015\/06\/fujinon-50mm1-6-150x150.jpg 150w, https:\/\/www.laurent-lenfant.com\/photographie\/wp-content\/uploads\/2015\/06\/fujinon-50mm1-6.jpg 800w\" sizes=\"(max-width: 178px) 100vw, 178px\" \/><\/a>Et bien tout d&rsquo;abord la curiosit\u00e9&#8230;<br \/>\nEn effet, disposant de quelques \u00ab\u00a0vieux cailloux\u00a0\u00bb Canon et Fujica X dont je garde d&rsquo;excellents souvenirs argentiques, je me suis dit \u00a0\u00bb <em>Pourquoi pas exp\u00e9rimenter cela en num\u00e9rique , pour voir ?<\/em> \u00a0\u00bb<\/p>\n<p>Bon il faut d\u00e9j\u00e0 trouver la bonne bague d&rsquo;adaptation pour les bonnes montures mais pour \u00e7a, Google est mon ami \ud83d\ude09<\/p>\n<p>Maintenant que les bagues sont l\u00e0, les objectifs mont\u00e9s, on repasse en mode \u00a0\u00bb <em>full manuel<\/em>\u00a0\u00bb comme au \u00ab\u00a0<em>bon vieux temps<\/em>\u00ab\u00a0.. hi hi hi &#8230;<\/p>\n<p>Et l\u00e0 un m\u00e9ga plaisir et une m\u00e9ga surprise : les objectifs ont un rendu splendide sur du num\u00e9rique ( Appareils Fuji s\u00e9rie X avec capteurs X-trans ) &#8230;<\/p>\n<h3>\u00a0Quels objectifs pour quelle pratique et pourquoi pas acheter du neuf alors si il n&rsquo;y a pas d&rsquo;autofocus ?<\/h3>\n<p><a href=\"http:\/\/www.laurent-lenfant.com\/photographie\/wp-content\/uploads\/2015\/06\/test-photo-fujinon50mmF16.jpg\"><img fetchpriority=\"high\" decoding=\"async\" class=\"  wp-image-147 alignright\" src=\"http:\/\/www.laurent-lenfant.com\/photographie\/wp-content\/uploads\/2015\/06\/test-photo-fujinon50mmF16-300x300.jpg\" alt=\"Photo test Fujinon 50mm F1.6\" width=\"232\" height=\"232\" srcset=\"https:\/\/www.laurent-lenfant.com\/photographie\/wp-content\/uploads\/2015\/06\/test-photo-fujinon50mmF16-300x300.jpg 300w, https:\/\/www.laurent-lenfant.com\/photographie\/wp-content\/uploads\/2015\/06\/test-photo-fujinon50mmF16-150x150.jpg 150w, https:\/\/www.laurent-lenfant.com\/photographie\/wp-content\/uploads\/2015\/06\/test-photo-fujinon50mmF16.jpg 800w\" sizes=\"(max-width: 232px) 100vw, 232px\" \/><\/a>Et bien d&rsquo;abord le prix : en moyenne sur la toile on peut trouver d&rsquo;excellentes objectifs pour moins de 50 Euros pi\u00e8ce&#8230;. ( certes en full manuel\u00a0 \ud83d\ude09\u00a0 )<\/p>\n<p>Mais \u00e0 ce prix, on peut par exemple avoir un Fujica 50mm F 1.6 alors que le mod\u00e8le r\u00e9cent ( autofocus ) qui certes ouvre \u00e0 1.2 se n\u00e9gocie aux alentours de 900 Euros !!!<\/p>\n<p>Oui, la qualit\u00e9 est l\u00e0 ( tans soit peu que le papy objectif \u00e9tait d\u00e9j\u00e0 qualitatif dans sa jeunesse ) et le rendu des flous est vraiment extraordinaire&#8230;. aussi bien que la nettet\u00e9.<\/p>\n<p>Par contre pour cette derni\u00e8re il vaut mieux avoir l\u2019\u0153il ou disposer de la fonction <em>Focus Peaking<\/em>\u00a0 ( comme sur le XT-1 ou plus r\u00e9cemment sur le XT-10 ) super utile pour faire un point pr\u00e9cis en manuel..<\/p>\n<p>Mis \u00e0 part cet inconv\u00e9nient, on retrouve la joie de la \u00ab\u00a0slow photographie\u00a0\u00bb prendre le temps de cadrer, de faire son point, et de jouer pr\u00e9cis\u00e9ment sur la zone de nettet\u00e9 pour pouvoir par exemple cr\u00e9er des effets de flous contr\u00f4l\u00e9s.<\/p>\n<p>Autre point important : ces vieux papys disposent d&rsquo;une \u00e9chelle de distance tr\u00e8s pratique pour par exemple se caler en hyperfocale pour du reportage&#8230;.<\/p>\n<p>Bref, en ce qui me concerne sur mes Fuji j&rsquo;utilise beaucoup le\u00a0 Fujica X 50mm F1.6 et un Sigma 28mm F2.8 initialement en monture canon FD que j&rsquo;ai adapt\u00e9 sur du fuji ( rendu superbe )<\/p>\n<h3>Quel est l\u2019avantage d&rsquo;une focale fixe manuelle alors sur du num\u00e9rique hyper hightech ?<\/h3>\n<p>&#8211; Et bien tout d&rsquo;abord : le Prix&#8230;.. d\u00e9risoire<\/p>\n<p>&#8211; Ensuite :\u00a0 la qualit\u00e9 pour le prix pay\u00e9 ( souvent \u00e9quivalente ou meilleure que des objectifs r\u00e9cents bien plus cher ) &#8211; et puis il para\u00eet que c&rsquo;est connu une focale fixe sera souvent de meilleure qualit\u00e9 qu&rsquo;un Zoom&#8230;.<\/p>\n<p>&#8211; Enfin : le rendu unique des images obtenues, souvent avec un petit c\u00f4t\u00e9 \u00ab\u00a0vintage\u00a0\u00bb pour peu qu&rsquo;on modifie un peu ses presets on peut obtenir directement \u00e0 la prise de vue des images aux couleurs ann\u00e9es 70-80 ( ou en post-prod RAW + Lightroom )<\/p>\n<h4>Pour quelles situations je peux l&rsquo;utiliser ?<\/h4>\n<p>Le portrait, le reportage ( en mode hyperfocale ou en mise au point manuelle ), le studio, le paysage, l&rsquo;architecture, l&rsquo;urbain , l&rsquo;exploration urbaine<\/p>\n<h4>Quelles sont les situation qui seront difficiles ?<\/h4>\n<p>Toutes les situations ou \u00e7a \u00ab\u00a0bouge\u00a0\u00bb vite ( sport, course, \u00e9l\u00e9ments ou personnes en d\u00e9placement..etc&#8230; )<\/p>\n<h4>\u00a0Et l&rsquo;\u00e9co-attitude dans tout cela ?<\/h4>\n<p>Et bien en recyclant de vieux objectifs ou en achetant sur le net, cela permet d&rsquo;utiliser le parc existant et ne consomme pas de ressources suppl\u00e9mentaire pour fabriquer de nouveaux objectifs&#8230;<\/p>\n<p>Et puis j&rsquo;aime bien l&rsquo;id\u00e9e\u00a0\u00bbhybride\u00a0\u00bb de faire fonctionner de vieux objectifs sur des appareils r\u00e9cents&#8230;. c&rsquo;est une peu comme une renaissance on profite des avanc\u00e9es technologiques modernes tout en conservant la qualit\u00e9 et le rendu des objectifs plus anciens&#8230;<\/p>\n<blockquote><p>Si vous avez des exp\u00e9riences similaires, n&rsquo;h\u00e9sitez pas \u00e0 commenter&#8230;<\/p><\/blockquote>\n<p>Merci pour votre lecture&#8230;<\/p>\n<p>Laurent &#8211; juin 2015<\/p>\n","protected":false},"excerpt":{"rendered":"<p>Qui a dit que l&rsquo;\u00e9co-attitude n&rsquo;existe pas en photo num\u00e9rique ? Bon pour ce premier billet&hellip;<\/p>\n","protected":false},"author":2,"featured_media":0,"parent":0,"menu_order":0,"comment_status":"closed","ping_status":"closed","template":"","meta":{"footnotes":""},"class_list":["post-153","page","type-page","status-publish","hentry"],"yoast_head":"<!-- This site is optimized with the Yoast SEO plugin v27.4 - https:\/\/yoast.com\/product\/yoast-seo-wordpress\/ -->\n<title>Utiliser de vieux objectifs argentiques sur des appareils num\u00e9riques - Laurent LENFANT | Photographe Avignon<\/title>\n<meta name=\"robots\" content=\"index, follow, max-snippet:-1, max-image-preview:large, max-video-preview:-1\" \/>\n<link rel=\"canonical\" href=\"https:\/\/www.laurent-lenfant.com\/photographie\/utiliser-de-vieux-objectifs-argentiques-sur-des-appareils-numeriques\/\" \/>\n<meta property=\"og:locale\" content=\"fr_FR\" \/>\n<meta property=\"og:type\" content=\"article\" \/>\n<meta property=\"og:title\" content=\"Utiliser de vieux objectifs argentiques sur des appareils num\u00e9riques - Laurent LENFANT | Photographe Avignon\" \/>\n<meta property=\"og:description\" content=\"Qui a dit que l&rsquo;\u00e9co-attitude n&rsquo;existe pas en photo num\u00e9rique ? Bon pour ce premier billet&hellip;\" \/>\n<meta property=\"og:url\" content=\"https:\/\/www.laurent-lenfant.com\/photographie\/utiliser-de-vieux-objectifs-argentiques-sur-des-appareils-numeriques\/\" \/>\n<meta property=\"og:site_name\" content=\"Laurent LENFANT | Photographe Avignon\" \/>\n<meta property=\"article:modified_time\" content=\"2017-12-07T05:42:52+00:00\" \/>\n<meta property=\"og:image\" content=\"http:\/\/www.laurent-lenfant.com\/photographie\/wp-content\/uploads\/2015\/06\/fujinon-50mm1-6-300x300.jpg\" \/>\n<meta name=\"twitter:card\" content=\"summary_large_image\" \/>\n<meta name=\"twitter:label1\" content=\"Dur\u00e9e de lecture estim\u00e9e\" \/>\n\t<meta name=\"twitter:data1\" content=\"3 minutes\" \/>\n<script type=\"application\/ld+json\" class=\"yoast-schema-graph\">{\"@context\":\"https:\\\/\\\/schema.org\",\"@graph\":[{\"@type\":\"WebPage\",\"@id\":\"https:\\\/\\\/www.laurent-lenfant.com\\\/photographie\\\/utiliser-de-vieux-objectifs-argentiques-sur-des-appareils-numeriques\\\/\",\"url\":\"https:\\\/\\\/www.laurent-lenfant.com\\\/photographie\\\/utiliser-de-vieux-objectifs-argentiques-sur-des-appareils-numeriques\\\/\",\"name\":\"Utiliser de vieux objectifs argentiques sur des appareils num\u00e9riques - Laurent LENFANT | Photographe Avignon\",\"isPartOf\":{\"@id\":\"https:\\\/\\\/www.laurent-lenfant.com\\\/photographie\\\/#website\"},\"primaryImageOfPage\":{\"@id\":\"https:\\\/\\\/www.laurent-lenfant.com\\\/photographie\\\/utiliser-de-vieux-objectifs-argentiques-sur-des-appareils-numeriques\\\/#primaryimage\"},\"image\":{\"@id\":\"https:\\\/\\\/www.laurent-lenfant.com\\\/photographie\\\/utiliser-de-vieux-objectifs-argentiques-sur-des-appareils-numeriques\\\/#primaryimage\"},\"thumbnailUrl\":\"http:\\\/\\\/www.laurent-lenfant.com\\\/photographie\\\/wp-content\\\/uploads\\\/2015\\\/06\\\/fujinon-50mm1-6-300x300.jpg\",\"datePublished\":\"2015-06-24T15:44:34+00:00\",\"dateModified\":\"2017-12-07T05:42:52+00:00\",\"breadcrumb\":{\"@id\":\"https:\\\/\\\/www.laurent-lenfant.com\\\/photographie\\\/utiliser-de-vieux-objectifs-argentiques-sur-des-appareils-numeriques\\\/#breadcrumb\"},\"inLanguage\":\"fr-FR\",\"potentialAction\":[{\"@type\":\"ReadAction\",\"target\":[\"https:\\\/\\\/www.laurent-lenfant.com\\\/photographie\\\/utiliser-de-vieux-objectifs-argentiques-sur-des-appareils-numeriques\\\/\"]}]},{\"@type\":\"ImageObject\",\"inLanguage\":\"fr-FR\",\"@id\":\"https:\\\/\\\/www.laurent-lenfant.com\\\/photographie\\\/utiliser-de-vieux-objectifs-argentiques-sur-des-appareils-numeriques\\\/#primaryimage\",\"url\":\"http:\\\/\\\/www.laurent-lenfant.com\\\/photographie\\\/wp-content\\\/uploads\\\/2015\\\/06\\\/fujinon-50mm1-6-300x300.jpg\",\"contentUrl\":\"http:\\\/\\\/www.laurent-lenfant.com\\\/photographie\\\/wp-content\\\/uploads\\\/2015\\\/06\\\/fujinon-50mm1-6-300x300.jpg\"},{\"@type\":\"BreadcrumbList\",\"@id\":\"https:\\\/\\\/www.laurent-lenfant.com\\\/photographie\\\/utiliser-de-vieux-objectifs-argentiques-sur-des-appareils-numeriques\\\/#breadcrumb\",\"itemListElement\":[{\"@type\":\"ListItem\",\"position\":1,\"name\":\"Accueil\",\"item\":\"https:\\\/\\\/www.laurent-lenfant.com\\\/photographie\\\/\"},{\"@type\":\"ListItem\",\"position\":2,\"name\":\"Utiliser de vieux objectifs argentiques sur des appareils num\u00e9riques\"}]},{\"@type\":\"WebSite\",\"@id\":\"https:\\\/\\\/www.laurent-lenfant.com\\\/photographie\\\/#website\",\"url\":\"https:\\\/\\\/www.laurent-lenfant.com\\\/photographie\\\/\",\"name\":\"Laurent LENFANT | Photographe Avignon\",\"description\":\"Portrait - Reportage - Illustration - Auteur\",\"potentialAction\":[{\"@type\":\"SearchAction\",\"target\":{\"@type\":\"EntryPoint\",\"urlTemplate\":\"https:\\\/\\\/www.laurent-lenfant.com\\\/photographie\\\/?s={search_term_string}\"},\"query-input\":{\"@type\":\"PropertyValueSpecification\",\"valueRequired\":true,\"valueName\":\"search_term_string\"}}],\"inLanguage\":\"fr-FR\"}]}<\/script>\n<!-- \/ Yoast SEO plugin. -->","yoast_head_json":{"title":"Utiliser de vieux objectifs argentiques sur des appareils num\u00e9riques - Laurent LENFANT | Photographe Avignon","robots":{"index":"index","follow":"follow","max-snippet":"max-snippet:-1","max-image-preview":"max-image-preview:large","max-video-preview":"max-video-preview:-1"},"canonical":"https:\/\/www.laurent-lenfant.com\/photographie\/utiliser-de-vieux-objectifs-argentiques-sur-des-appareils-numeriques\/","og_locale":"fr_FR","og_type":"article","og_title":"Utiliser de vieux objectifs argentiques sur des appareils num\u00e9riques - Laurent LENFANT | Photographe Avignon","og_description":"Qui a dit que l&rsquo;\u00e9co-attitude n&rsquo;existe pas en photo num\u00e9rique ? Bon pour ce premier billet&hellip;","og_url":"https:\/\/www.laurent-lenfant.com\/photographie\/utiliser-de-vieux-objectifs-argentiques-sur-des-appareils-numeriques\/","og_site_name":"Laurent LENFANT | Photographe Avignon","article_modified_time":"2017-12-07T05:42:52+00:00","og_image":[{"url":"http:\/\/www.laurent-lenfant.com\/photographie\/wp-content\/uploads\/2015\/06\/fujinon-50mm1-6-300x300.jpg","type":"","width":"","height":""}],"twitter_card":"summary_large_image","twitter_misc":{"Dur\u00e9e de lecture estim\u00e9e":"3 minutes"},"schema":{"@context":"https:\/\/schema.org","@graph":[{"@type":"WebPage","@id":"https:\/\/www.laurent-lenfant.com\/photographie\/utiliser-de-vieux-objectifs-argentiques-sur-des-appareils-numeriques\/","url":"https:\/\/www.laurent-lenfant.com\/photographie\/utiliser-de-vieux-objectifs-argentiques-sur-des-appareils-numeriques\/","name":"Utiliser de vieux objectifs argentiques sur des appareils num\u00e9riques - Laurent LENFANT | Photographe Avignon","isPartOf":{"@id":"https:\/\/www.laurent-lenfant.com\/photographie\/#website"},"primaryImageOfPage":{"@id":"https:\/\/www.laurent-lenfant.com\/photographie\/utiliser-de-vieux-objectifs-argentiques-sur-des-appareils-numeriques\/#primaryimage"},"image":{"@id":"https:\/\/www.laurent-lenfant.com\/photographie\/utiliser-de-vieux-objectifs-argentiques-sur-des-appareils-numeriques\/#primaryimage"},"thumbnailUrl":"http:\/\/www.laurent-lenfant.com\/photographie\/wp-content\/uploads\/2015\/06\/fujinon-50mm1-6-300x300.jpg","datePublished":"2015-06-24T15:44:34+00:00","dateModified":"2017-12-07T05:42:52+00:00","breadcrumb":{"@id":"https:\/\/www.laurent-lenfant.com\/photographie\/utiliser-de-vieux-objectifs-argentiques-sur-des-appareils-numeriques\/#breadcrumb"},"inLanguage":"fr-FR","potentialAction":[{"@type":"ReadAction","target":["https:\/\/www.laurent-lenfant.com\/photographie\/utiliser-de-vieux-objectifs-argentiques-sur-des-appareils-numeriques\/"]}]},{"@type":"ImageObject","inLanguage":"fr-FR","@id":"https:\/\/www.laurent-lenfant.com\/photographie\/utiliser-de-vieux-objectifs-argentiques-sur-des-appareils-numeriques\/#primaryimage","url":"http:\/\/www.laurent-lenfant.com\/photographie\/wp-content\/uploads\/2015\/06\/fujinon-50mm1-6-300x300.jpg","contentUrl":"http:\/\/www.laurent-lenfant.com\/photographie\/wp-content\/uploads\/2015\/06\/fujinon-50mm1-6-300x300.jpg"},{"@type":"BreadcrumbList","@id":"https:\/\/www.laurent-lenfant.com\/photographie\/utiliser-de-vieux-objectifs-argentiques-sur-des-appareils-numeriques\/#breadcrumb","itemListElement":[{"@type":"ListItem","position":1,"name":"Accueil","item":"https:\/\/www.laurent-lenfant.com\/photographie\/"},{"@type":"ListItem","position":2,"name":"Utiliser de vieux objectifs argentiques sur des appareils num\u00e9riques"}]},{"@type":"WebSite","@id":"https:\/\/www.laurent-lenfant.com\/photographie\/#website","url":"https:\/\/www.laurent-lenfant.com\/photographie\/","name":"Laurent LENFANT | Photographe Avignon","description":"Portrait - Reportage - Illustration - Auteur","potentialAction":[{"@type":"SearchAction","target":{"@type":"EntryPoint","urlTemplate":"https:\/\/www.laurent-lenfant.com\/photographie\/?s={search_term_string}"},"query-input":{"@type":"PropertyValueSpecification","valueRequired":true,"valueName":"search_term_string"}}],"inLanguage":"fr-FR"}]}},"_links":{"self":[{"href":"https:\/\/www.laurent-lenfant.com\/photographie\/wp-json\/wp\/v2\/pages\/153","targetHints":{"allow":["GET"]}}],"collection":[{"href":"https:\/\/www.laurent-lenfant.com\/photographie\/wp-json\/wp\/v2\/pages"}],"about":[{"href":"https:\/\/www.laurent-lenfant.com\/photographie\/wp-json\/wp\/v2\/types\/page"}],"author":[{"embeddable":true,"href":"https:\/\/www.laurent-lenfant.com\/photographie\/wp-json\/wp\/v2\/users\/2"}],"replies":[{"embeddable":true,"href":"https:\/\/www.laurent-lenfant.com\/photographie\/wp-json\/wp\/v2\/comments?post=153"}],"version-history":[{"count":1,"href":"https:\/\/www.laurent-lenfant.com\/photographie\/wp-json\/wp\/v2\/pages\/153\/revisions"}],"predecessor-version":[{"id":154,"href":"https:\/\/www.laurent-lenfant.com\/photographie\/wp-json\/wp\/v2\/pages\/153\/revisions\/154"}],"wp:attachment":[{"href":"https:\/\/www.laurent-lenfant.com\/photographie\/wp-json\/wp\/v2\/media?parent=153"}],"curies":[{"name":"wp","href":"https:\/\/api.w.org\/{rel}","templated":true}]}}